{"id":462,"date":"2019-01-16T16:34:29","date_gmt":"2019-01-16T16:34:29","guid":{"rendered":"https:\/\/www.oamr-sibiu.ro\/?page_id=462"},"modified":"2019-01-16T16:34:29","modified_gmt":"2019-01-16T16:34:29","slug":"exercitarea-profesiei","status":"publish","type":"page","link":"https:\/\/www.oamr-sibiu.ro\/index.php\/exercitarea-profesiei\/","title":{"rendered":"Exercitarea profesiei"},"content":{"rendered":"<p>\u00cen conformitate cu Legea 278\/2015, Ordinul Asisten\u021bilor Medicali Generali\u0219ti, Moa\u0219elor \u0219i Asisten\u021bilor Medicali din Rom\u00e2nia, \u00een calitate de autoritate competent\u0103, \u00eentocme\u0219te<b>\u00a0<\/b>\u015fi elibereaz\u0103 documentele (certificate etc) necesare recunoa\u015fterii \u00een scop profesional a titlurilor rom\u00e2ne\u015fti de calificare de asistent medical generalist, de moa\u015f\u0103 \u015fi de asistent medical, \u00een celelalte State Membre UE.<\/p>\n","protected":false},"excerpt":{"rendered":"<p>\u00cen conformitate cu Legea 278\/2015, Ordinul Asisten\u021bilor Medicali Generali\u0219ti, Moa\u0219elor \u0219i Asisten\u021bilor Medicali din Rom\u00e2nia, \u00een calitate de autoritate competent\u0103, \u00eentocme\u0219te\u00a0\u015fi elibereaz\u0103 documentele (certificate etc) necesare recunoa\u015fterii \u00een scop profesional &#8230;<\/p>\n","protected":false},"author":1,"featured_media":0,"parent":0,"menu_order":0,"comment_status":"closed","ping_status":"closed","template":"","meta":[],"_links":{"self":[{"href":"https:\/\/www.oamr-sibiu.ro\/index.php\/wp-json\/wp\/v2\/pages\/462"}],"collection":[{"href":"https:\/\/www.oamr-sibiu.ro\/index.php\/wp-json\/wp\/v2\/pages"}],"about":[{"href":"https:\/\/www.oamr-sibiu.ro\/index.php\/wp-json\/wp\/v2\/types\/page"}],"author":[{"embeddable":true,"href":"https:\/\/www.oamr-sibiu.ro\/index.php\/wp-json\/wp\/v2\/users\/1"}],"replies":[{"embeddable":true,"href":"https:\/\/www.oamr-sibiu.ro\/index.php\/wp-json\/wp\/v2\/comments?post=462"}],"version-history":[{"count":3,"href":"https:\/\/www.oamr-sibiu.ro\/index.php\/wp-json\/wp\/v2\/pages\/462\/revisions"}],"predecessor-version":[{"id":465,"href":"https:\/\/www.oamr-sibiu.ro\/index.php\/wp-json\/wp\/v2\/pages\/462\/revisions\/465"}],"wp:attachment":[{"href":"https:\/\/www.oamr-sibiu.ro\/index.php\/wp-json\/wp\/v2\/media?parent=462"}],"curies":[{"name":"wp","href":"https:\/\/api.w.org\/{rel}","templated":true}]}}