{"id":496,"date":"2019-01-16T18:08:32","date_gmt":"2019-01-16T18:08:32","guid":{"rendered":"https:\/\/www.oamr-sibiu.ro\/?page_id=496"},"modified":"2019-01-16T18:08:32","modified_gmt":"2019-01-16T18:08:32","slug":"legislatie","status":"publish","type":"page","link":"https:\/\/www.oamr-sibiu.ro\/index.php\/legislatie\/","title":{"rendered":"Legisla\u021bie"},"content":{"rendered":"\n<p>\n\nOrdinul Asisten\u0163ilor Medicali Generali\u015fti, Moa\u015felor \u015fi Asisten\u0163ilor Medicali din Rom\u00e2nia (OAMGMAMR) se organizeaz\u0103 \u015fi func\u0163ioneaz\u0103 ca organiza\u0163ie profesional\u0103, cu personalitate juridic\u0103, neguvernamental\u0103, de interes public, apolitic\u0103, f\u0103r\u0103 scop patrimonial, cu responsabilit\u0103\u0163i delegate de autoritatea de stat, av\u00e2nd ca obiect de activitate controlul \u015fi supravegherea exercit\u0103rii profesiei de asistent medical generalist, a profesiei de moa\u015f\u0103 \u015fi, respectiv, a profesiei de asistent medical, ca profesii liberale de practic\u0103 public\u0103 autorizate.\n\n<\/p>\n","protected":false},"excerpt":{"rendered":"<p>Ordinul Asisten\u0163ilor Medicali Generali\u015fti, Moa\u015felor \u015fi Asisten\u0163ilor Medicali din Rom\u00e2nia (OAMGMAMR) se organizeaz\u0103 \u015fi func\u0163ioneaz\u0103 ca organiza\u0163ie profesional\u0103, cu personalitate juridic\u0103, neguvernamental\u0103, de interes public, apolitic\u0103, f\u0103r\u0103 scop patrimonial, cu &#8230;<\/p>\n","protected":false},"author":1,"featured_media":0,"parent":0,"menu_order":0,"comment_status":"closed","ping_status":"closed","template":"","meta":[],"_links":{"self":[{"href":"https:\/\/www.oamr-sibiu.ro\/index.php\/wp-json\/wp\/v2\/pages\/496"}],"collection":[{"href":"https:\/\/www.oamr-sibiu.ro\/index.php\/wp-json\/wp\/v2\/pages"}],"about":[{"href":"https:\/\/www.oamr-sibiu.ro\/index.php\/wp-json\/wp\/v2\/types\/page"}],"author":[{"embeddable":true,"href":"https:\/\/www.oamr-sibiu.ro\/index.php\/wp-json\/wp\/v2\/users\/1"}],"replies":[{"embeddable":true,"href":"https:\/\/www.oamr-sibiu.ro\/index.php\/wp-json\/wp\/v2\/comments?post=496"}],"version-history":[{"count":1,"href":"https:\/\/www.oamr-sibiu.ro\/index.php\/wp-json\/wp\/v2\/pages\/496\/revisions"}],"predecessor-version":[{"id":497,"href":"https:\/\/www.oamr-sibiu.ro\/index.php\/wp-json\/wp\/v2\/pages\/496\/revisions\/497"}],"wp:attachment":[{"href":"https:\/\/www.oamr-sibiu.ro\/index.php\/wp-json\/wp\/v2\/media?parent=496"}],"curies":[{"name":"wp","href":"https:\/\/api.w.org\/{rel}","templated":true}]}}