{"id":55,"date":"2015-04-08T18:39:04","date_gmt":"2015-04-08T23:39:04","guid":{"rendered":"http:\/\/www.oamr-sibiu.ro\/index.php\/home\/"},"modified":"2026-04-15T10:26:46","modified_gmt":"2026-04-15T10:26:46","slug":"home","status":"publish","type":"page","link":"https:\/\/www.oamr-sibiu.ro\/","title":{"rendered":"Acas\u0103"},"content":{"rendered":"<div id=\"cs-content\" class=\"cs-content\" ><div id=\"x-section-1\" class=\"x-section cs-hide-lg cs-hide-md cs-hide-sm cs-ta-center dark-section bg-image\" style=\"margin: 20px 0px;padding: 220px 0px 25px; background-image: url(https:\/\/www.oamr-sibiu.ro\/wp-content\/uploads\/2019\/01\/T14.jpg); background-color: #27292a;\"  data-x-element=\"section\" data-x-params=\"{&quot;type&quot;:&quot;image&quot;,&quot;parallax&quot;:false}\" ><div class=\"x-container max width\" style=\"margin: 0px auto;padding: 0px;\"  ><div  class=\"x-column x-sm x-1-1\" style=\"padding: 25px 0px 0px;\" >&nbsp;<\/div><\/div><\/div><div id=\"x-section-2\" class=\"x-section cs-ta-center bg-pattern parallax\" style=\"margin: 25px 0px 20px;padding: 0x 0px 0px; background-image: url(http:\/\/www.oamr-sibiu.ro\/wp-content\/uploads\/2019\/01\/bg-pattern.png); background-color: #02aed6;\"  data-x-element=\"section\" data-x-params=\"{&quot;type&quot;:&quot;pattern&quot;,&quot;parallax&quot;:true}\" ><div class=\"x-container\" style=\"margin: 0px;padding: 0px;\"  ><div  class=\"x-column x-sm cs-ta-center x-1-1\" style=\"padding: 0px;opacity: 0;transition-duration: 750ms;\" data-x-element=\"column\" data-x-params=\"{&quot;fade&quot;:true}\"  data-fade=\"true\">\n<hr class=\"e55-7 x-line\" ><\/div><\/div><div class=\"x-section-separator x-section-separator-bottom x-section-separator-angle-in\" style=\"bottom: 1px; height: 55px;\"><svg xmlns=\"http:\/\/www.w3.org\/2000\/svg\" version=\"1.1\" viewBox=\"0 0 100 100\" preserveAspectRatio=\"none\" class=\"angle-bottom-in\" style=\"fill: #02aed6;\"><polygon points=\"0,0 50,0 0,100\"\/><polygon points=\"50,0 100,0 100,100\"\/><\/svg><\/div><\/div><div id=\"x-section-3\" class=\"x-section cs-ta-center\" style=\"margin: 50px 0px 0px;padding: 20px 0px 100px; background-color: transparent;\"  ><div class=\"x-container max width\" style=\"margin: 0px auto;padding: 0px 5%;\"  ><div  class=\"x-column x-sm x-1-1\" style=\"padding: 0px;\" >\n<span class=\"e55-11 x-image\" >\n  <img alt=\"Image\" src=\"https:\/\/www.oamr-sibiu.ro\/wp-content\/uploads\/2025\/05\/strluptei1-1.jpeg\" width=\"800\" height=\"600\" >\n<\/span>\n<div class=\"e55-12 x-alert fade in\" >\n  <button type=\"button\" class=\"close\" data-dismiss=\"alert\">&times;<\/button>  <div class=\"x-alert-content\">SEDIUL OAMGMAMR - FILIALA SIBIU SE AFL\u0102 PE STRADA LUPTEI, NR. 25.<\/div>\n<\/div>\n\n<div class=\"e55-13 x-alert fade in\" >\n  <button type=\"button\" class=\"close\" data-dismiss=\"alert\">&times;<\/button>  <div class=\"x-alert-content\">\n<a href=\"https:\/\/www.oamr-sibiu.ro\/wp-content\/uploads\/2026\/02\/conferinta-OAMR-12-13-mai-.pdf\">Zilele medicale ale asisten\u021bilor medicali sibieni<\/a> <br>\n12-13 mai 2026 <br>\n<a href =\"https:\/\/www.oamr-sibiu.ro\/wp-content\/uploads\/2026\/04\/PROGRAM-CONFERINTA-2026.pdf\">Program conferinta<\/a><\/div>\n<\/div>\n\n<div class=\"e55-14 x-alert fade in\" >\n  <button type=\"button\" class=\"close\" data-dismiss=\"alert\">&times;<\/button>  <div class=\"x-alert-content\"><a href=\"https:\/\/www.oamr-sibiu.ro\/wp-content\/uploads\/2026\/03\/CERERE-PENTRU-INSCRIERE-LA-CONFERINTA-2026_.pdf\" target=\"_blank\">CERERE PENTRU INSCRIERE LA CONFERINTA-CLICK AICI<\/a> <br> Perioada de inscriere s-a prelungit pana in data de 20.04.2026\n<\/div>\n<\/div>\n\n<div class=\"e55-15 x-alert fade in\" >\n  <button type=\"button\" class=\"close\" data-dismiss=\"alert\">&times;<\/button>  <div class=\"x-alert-content\">Toate solicitarile se fac online.<br>\nProgram cu publicul Luni-Joi 15.00-16.00, pentru ridicarea documentelor originale.<\/div>\n<\/div>\n\n<div class=\"e55-16 x-text\" >\n  <\/div>\n<div  class=\"x-raw-content\" style=\"margin: 1.45em 0 1.95em;\"><p class=\"man\">Ordinul Asisten\u0163ior Medicali Generali\u015fti Moa\u015felor \u015fi Asisten\u0163ilor Medicali din Rom\u00e2nia, este o organiza\u021bie profesional\u0103 na\u0163ional\u0103 ce are ca principal obiect de activitate controlul \u015fi supravegherea exercit\u0103rii profesiei de asistent medical cu respectarea Codului de etic\u0103 \u015fi deontologie profesional\u0103, a normelor, dispozi\u0163iilor \u015fi standardelor profesionale \u00een vigoare \u015fi care \u00ee\u015fi desf\u0103\u015foar\u0103 activitatea conform cu prevederile legale din Ordonan\u0163a de Urgen\u0163\u0103 nr.144 din 28 octombrie 2008.<\/p><\/div><a  class=\"x-btn x-btn-large\"  href=\"https:\/\/www.oamr-sibiu.ro\/index.php\/about\/\" title=\"Mai multe despre noi\" target=\"_blank\"   data-options=\"thumbnail: ''\"><i  class=\"x-icon mvn mln mrs x-icon-chevron-circle-right\" data-x-icon-s=\"&#xf138;\" aria-hidden=\"true\"><\/i>Mai multe despre noi<\/a><\/div><\/div><\/div><div id=\"x-section-4\" class=\"x-section cs-ta-center dark-section bg-image parallax\" style=\"margin: 0px;padding: 100px 0px; background-image: url(http:\/\/www.oamr-sibiu.ro\/wp-content\/uploads\/2019\/01\/bg-services-01.jpg); background-color: #26292c;\"  data-x-element=\"section\" data-x-params=\"{&quot;type&quot;:&quot;image&quot;,&quot;parallax&quot;:true}\" ><div class=\"x-section-separator x-section-separator-top x-section-separator-angle-in\" style=\"top: 0px; height: 50px;\"><svg xmlns=\"http:\/\/www.w3.org\/2000\/svg\" version=\"1.1\" viewBox=\"0 0 100 100\" preserveAspectRatio=\"none\" class=\"angle-top-in\" style=\"fill: #26292c;\"><polygon points=\"0,100 50,100 0,0\"\/><polygon points=\"50,100 100,100 100,0\"\/><\/svg><\/div><div class=\"x-container max width\" style=\"margin: 0px auto;padding: 0px;\"  ><div  class=\"x-column x-sm x-1-1\" style=\"padding: 0px;\" ><h2  class=\"h-custom-headline man h2\" ><span>Principalele documente \u0219i informa\u021bii necesare asistentului medical<\/span><\/h2><\/div><\/div><div class=\"x-container max width\" style=\"margin: 50px auto;padding: 0px;\"  ><div  class=\"x-column x-sm x-1-4\" style=\"padding: 0px;\" ><div  class=\"x-feature-box mvn center-text top-text cf\" style=\" max-width: 250px;\" data-x-element=\"feature_box\" data-x-params=\"{&quot;child&quot;:false,&quot;graphicAnimation&quot;:&quot;flipInX&quot;,&quot;graphicAnimationOffset&quot;:&quot;65&quot;,&quot;graphicAnimationDelay&quot;:&quot;0&quot;}\" ><div class=\"x-feature-box-graphic circle \"><div class=\"x-feature-box-graphic-outer circle animated-hide\" style=\"\"><div class=\"x-feature-box-graphic-inner circle\" style=\"font-size: 130px;\"><i class=\"x-icon-pencil circle\" data-x-icon-s=\"&#xf303;\"  style=\"margin: 0 auto; border-width: 4px 4px 4px 4px; border-style: solid; border-color: ; color: #02aed6; background-color: transparent;\"><\/i><\/div><\/div><\/div><div class=\"x-feature-box-content \"><h4 class=\"x-feature-box-title\">Certificatul de membru<\/h4><p class=\"x-feature-box-text\">Este documentul care v\u0103 permite s\u0103 lucra\u021bi legal pe teritoriul Rom\u00e2niei. <\/p><\/div><\/div><hr  class=\"x-gap cs-hide-xl cs-hide-lg cs-hide-md\" style=\"margin: 50px 0 0 0;\"><\/div><div  class=\"x-column x-sm x-1-4\" style=\"padding: 0px;\" ><div  class=\"x-feature-box mvn center-text top-text cf\" style=\" max-width: 250px;\" data-x-element=\"feature_box\" data-x-params=\"{&quot;child&quot;:false,&quot;graphicAnimation&quot;:&quot;flipInX&quot;,&quot;graphicAnimationOffset&quot;:&quot;65&quot;,&quot;graphicAnimationDelay&quot;:&quot;500&quot;}\" ><div class=\"x-feature-box-graphic circle \"><div class=\"x-feature-box-graphic-outer circle animated-hide\" style=\"\"><div class=\"x-feature-box-graphic-inner circle\" style=\"font-size: 130px;\"><i class=\"x-icon-badge circle\" data-x-icon-s=\"&#xf335;\"  style=\"margin: 0 auto; border-width: 4px 4px 4px 4px; border-style: solid; border-color: ; color: #02aed6; background-color: transparent;\"><\/i><\/div><\/div><\/div><div class=\"x-feature-box-content \"><h4 class=\"x-feature-box-title\">Avizul anual de liber\u0103 practic\u0103<\/h4><p class=\"x-feature-box-text\">Se elibereaz\u0103 numai asisten\u021bilor medicali care lucreaz\u0103 \u0219i are valabilitate p\u00e2n\u0103 la sf\u00e2r\u0219itul anului.<\/p><\/div><\/div><hr  class=\"x-gap cs-hide-xl cs-hide-lg cs-hide-md\" style=\"margin: 50px 0 0 0;\"><\/div><div  class=\"x-column x-sm x-1-4\" style=\"padding: 0px;\" ><div  class=\"x-feature-box mvn center-text top-text cf\" style=\" max-width: 250px;\" data-x-element=\"feature_box\" data-x-params=\"{&quot;child&quot;:false,&quot;graphicAnimation&quot;:&quot;flipInX&quot;,&quot;graphicAnimationOffset&quot;:&quot;65&quot;,&quot;graphicAnimationDelay&quot;:&quot;1000&quot;}\" ><div class=\"x-feature-box-graphic circle \"><div class=\"x-feature-box-graphic-outer circle animated-hide\" style=\"\"><div class=\"x-feature-box-graphic-inner circle\" style=\"font-size: 130px;\"><i class=\"x-icon-book-reader circle\" data-x-icon-s=\"&#xf5da;\"  style=\"margin: 0 auto; border-width: 4px 4px 4px 4px; border-style: solid; border-color: ; color: #02aed6; background-color: transparent;\"><\/i><\/div><\/div><\/div><div class=\"x-feature-box-content \"><h4 class=\"x-feature-box-title\">Legea exercit\u0103rii profesiei<\/h4><p class=\"x-feature-box-text\">Legea exercit\u0103rii profesiei de asistent medical generalist, a profesiei de moa\u015f\u0103 \u015fi a profesiei de asistent medical.<\/p><\/div><\/div><hr  class=\"x-gap cs-hide-xl cs-hide-lg cs-hide-md\" style=\"margin: 50px 0 0 0;\"><\/div><div  class=\"x-column x-sm x-1-4\" style=\"padding: 0px;\" ><div  class=\"x-feature-box mvn center-text top-text cf\" style=\" max-width: 250px;\" data-x-element=\"feature_box\" data-x-params=\"{&quot;child&quot;:false,&quot;graphicAnimation&quot;:&quot;flipInX&quot;,&quot;graphicAnimationOffset&quot;:&quot;65&quot;,&quot;graphicAnimationDelay&quot;:&quot;1500&quot;}\" ><div class=\"x-feature-box-graphic circle \"><div class=\"x-feature-box-graphic-outer circle animated-hide\" style=\"\"><div class=\"x-feature-box-graphic-inner circle\" style=\"font-size: 130px;\"><i class=\"x-icon-user-md circle\" data-x-icon-s=\"&#xf0f0;\"  style=\"margin: 0 auto; border-width: 4px 4px 4px 4px; border-style: solid; border-color: ; color: #02aed6; background-color: transparent;\"><\/i><\/div><\/div><\/div><div class=\"x-feature-box-content \"><h4 class=\"x-feature-box-title\">Statutul OAMGMAMR<\/h4><p class=\"x-feature-box-text\">Statutul Ordinului Asisten\u0163ilor Medicali Generali\u015fti, Moa\u015felor \u015fi Asisten\u0163ilor Medicali din Rom\u00e2nia.<\/p><\/div><\/div><\/div><\/div><div class=\"x-container max width\" style=\"margin: 0px auto;padding: 0px;\"  ><div  class=\"x-column x-sm x-1-1\" style=\"padding: 0px;\" ><a  class=\"x-btn x-btn-alt x-btn-large\"  href=\"http:\/\/www.oamr-sibiu.ro\/index.php\/news-2\/\" title=\"Afla\u021bi mai multe\"    data-options=\"thumbnail: ''\">Afla\u021bi mai multe<\/a><\/div><\/div><\/div><div id=\"x-section-5\" class=\"x-section\" style=\"margin: 0px;padding: 0 0px; background-color: transparent;\"  ><div class=\"x-container\" style=\"margin: 0px auto;padding: 0px;\"  ><div  class=\"x-column x-sm x-1-1\" style=\"padding: 0px;\" ><a  class=\"x-creative-cta slide-bottom\" href=\"https:\/\/emc.oamr.ro\/login\/index.php\" target=\"_blank\" style=\"padding: 65px 50px 65px 50px; color: #ffffff; background-color: hsl(19, 98%, 42%);\" data-x-element=\"creative_cta\" data-x-params=\"{&quot;animation&quot;:&quot; slide-bottom&quot;,&quot;bg_color&quot;:&quot;hsl(19, 98%, 42%)&quot;,&quot;bg_color_hover&quot;:&quot;#02aed6&quot;}\" ><span class=\"text\" style=\"font-size: 45px;\">Platforma de cursuri online<\/span><span class=\"graphic\"><i style=\"margin: 0; font-size: 75px;\" class=\"x-icon-check-square\" data-x-icon-s=\"&#xf14a;\"><\/i><\/span><\/a><\/div><\/div><\/div><div id=\"x-section-6\" class=\"x-section\" style=\"margin: 0px;padding: 100px 0px;border-style: solid;border-width: 1px; background-color: transparent;\"  ><div class=\"x-container max width\" style=\"margin: 0px auto;padding: 0px;\"  ><div  class=\"x-column x-sm x-1-3\" style=\"padding: 0px;\" ><h2  class=\"h-custom-headline man h3\" ><span>Ultimele nout\u0103\u021bi<\/span><\/h2><div  class=\"x-raw-content\" style=\"margin: 1.45em 0 1.95em;\"><\/div><a  class=\"x-btn x-btn-large\"  href=\"https:\/\/www.oamr-sibiu.ro\/index.php\/category\/stiri\/\" title=\"All Case Studies\"    data-options=\"thumbnail: ''\">Toate \u0219tirile<\/a><hr  class=\"x-gap cs-hide-xl cs-hide-lg cs-hide-md\" style=\"margin: 50px 0 0 0;\"><hr  class=\"x-gap\" style=\"margin: 50px 0 0 0;\"><div class=\"x-text cs-ta-justify\"  ><p>Pentru c\u0103 ne dorim ca membrii no\u0219tri s\u0103 fie informa\u021bi, aceast\u0103 sec\u021biune este dedicat\u0103 ultimelor nout\u0103\u021bi.<\/p>\n<\/div><\/div><div  class=\"x-column x-sm x-1-3\" style=\"padding: 0px;\" ><div  class=\"x-recent-posts cf man horizontal\"  data-x-element=\"recent_posts\" data-x-params=\"{&quot;fade&quot;:false}\"  data-fade=\"false\" ><a class=\"x-recent-post1 with-image\" href=\"https:\/\/www.oamr-sibiu.ro\/index.php\/portfolio-item\/lista-candidatilor-admisi-pentru-sustinerea-examenului-de-grad-principal-sesiunea-2024\/\" title=\"Permalink to: &quot;Lista candida\u021bilor admi\u0219i pentru sus\u021binerea examenului de grad principal &#8211; sesiunea 2024&quot;\"><article id=\"post-866\" class=\"post-866 x-portfolio type-x-portfolio status-publish has-post-thumbnail hentry portfolio-category-branding portfolio-category-digital portfolio-category-print\"><div class=\"entry-wrap\"><div class=\"x-recent-posts-img\" style=\"background-image: url(https:\/\/www.oamr-sibiu.ro\/wp-content\/uploads\/2019\/01\/document-ring-binders-in-business-office-GL3SYUC-862x482.jpg);\"><\/div><div class=\"x-recent-posts-content\"><h3 class=\"h-recent-posts\">Lista candida\u021bilor admi\u0219i pentru sus\u021binerea examenului de grad principal &#8211; sesiunea 2024<\/h3><span class=\"x-recent-posts-date\">August 5, 2024<\/span><\/div><\/div><\/article><\/a><\/div><div  class=\"x-recent-posts cf horizontal\" style=\"margin: 4% 0 0;\" data-x-element=\"recent_posts\" data-x-params=\"{&quot;fade&quot;:false}\"  data-fade=\"false\" ><a class=\"x-recent-post2 with-image\" href=\"https:\/\/www.oamr-sibiu.ro\/index.php\/portfolio-item\/tematica-grad-principal-2024\/\" title=\"Permalink to: &quot;Tematica \u0219i bibliografia examenului de grad principal  pentru asisten\u021bi medicali generali\u0219ti, moa\u0219e, asisten\u021bi medicali, surori  medicale \u0219i ofician\u021bi medicali | Sesiunea 2024&quot;\"><article id=\"post-783\" class=\"post-783 x-portfolio type-x-portfolio status-publish has-post-thumbnail hentry portfolio-category-branding\"><div class=\"entry-wrap\"><div class=\"x-recent-posts-img\" style=\"background-image: url(https:\/\/www.oamr-sibiu.ro\/wp-content\/uploads\/2021\/05\/book-3101151_1920-862x482.jpg);\"><\/div><div class=\"x-recent-posts-content\"><h3 class=\"h-recent-posts\">Tematica \u0219i bibliografia examenului de grad principal  pentru asisten\u021bi medicali generali\u0219ti, moa\u0219e, asisten\u021bi medicali, surori  medicale \u0219i ofician\u021bi medicali | Sesiunea 2024<\/h3><span class=\"x-recent-posts-date\">March 22, 2023<\/span><\/div><\/div><\/article><\/a><a class=\"x-recent-post2 with-image\" href=\"https:\/\/www.oamr-sibiu.ro\/index.php\/portfolio-item\/case-study-4\/\" title=\"Permalink to: &quot;Grad principal &#8211; 2021&quot;\"><article id=\"post-53\" class=\"post-53 x-portfolio type-x-portfolio status-publish has-post-thumbnail hentry portfolio-category-branding\"><div class=\"entry-wrap\"><div class=\"x-recent-posts-img\" style=\"background-image: url(https:\/\/www.oamr-sibiu.ro\/wp-content\/uploads\/2018\/09\/pexels-photo-249360-600x400.jpeg);\"><\/div><div class=\"x-recent-posts-content\"><h3 class=\"h-recent-posts\">Grad principal &#8211; 2021<\/h3><span class=\"x-recent-posts-date\">January 1, 2021<\/span><\/div><\/div><\/article><\/a><\/div><hr  class=\"x-gap cs-hide-xl cs-hide-lg cs-hide-md\" style=\"margin: 50px 0 0 0;\"><\/div><div  class=\"x-column x-sm x-1-3\" style=\"padding: 0px;\" ><div  class=\"x-recent-posts cf man horizontal\"  data-x-element=\"recent_posts\" data-x-params=\"{&quot;fade&quot;:false}\"  data-fade=\"false\" ><a class=\"x-recent-post2 with-image\" href=\"https:\/\/www.oamr-sibiu.ro\/index.php\/portfolio-item\/aviz2020\/\" title=\"Permalink to: &quot;Aviz anual 2024&quot;\"><article id=\"post-571\" class=\"post-571 x-portfolio type-x-portfolio status-publish has-post-thumbnail hentry portfolio-category-branding portfolio-category-digital portfolio-category-print\"><div class=\"entry-wrap\"><div class=\"x-recent-posts-img\" style=\"background-image: url(https:\/\/www.oamr-sibiu.ro\/wp-content\/uploads\/2019\/01\/featured-news-06-862x482.jpg);\"><\/div><div class=\"x-recent-posts-content\"><h3 class=\"h-recent-posts\">Aviz anual 2024<\/h3><span class=\"x-recent-posts-date\">September 24, 2019<\/span><\/div><\/div><\/article><\/a><a class=\"x-recent-post2 with-image\" href=\"https:\/\/www.oamr-sibiu.ro\/index.php\/portfolio-item\/instructiuni-de-inscriere-pentru-platforma-de-cursuri-online-a-oamgmamr-filiala-sibiu\/\" title=\"Permalink to: &quot;Instruc\u021biuni de \u00eenscriere pentru platforma de cursuri online a OAMGMAMR Filiala Sibiu&quot;\"><article id=\"post-541\" class=\"post-541 x-portfolio type-x-portfolio status-publish has-post-thumbnail hentry portfolio-category-branding portfolio-category-digital portfolio-category-print\"><div class=\"entry-wrap\"><div class=\"x-recent-posts-img\" style=\"background-image: url(https:\/\/www.oamr-sibiu.ro\/wp-content\/uploads\/2019\/01\/T14-862x323.jpg);\"><\/div><div class=\"x-recent-posts-content\"><h3 class=\"h-recent-posts\">Instruc\u021biuni de \u00eenscriere pentru platforma de cursuri online a OAMGMAMR Filiala Sibiu<\/h3><span class=\"x-recent-posts-date\">February 19, 2019<\/span><\/div><\/div><\/article><\/a><\/div><div  class=\"x-recent-posts cf horizontal\" style=\"margin: 4% 0 0;\" data-x-element=\"recent_posts\" data-x-params=\"{&quot;fade&quot;:false}\"  data-fade=\"false\" ><a class=\"x-recent-post1 with-image\" href=\"https:\/\/www.oamr-sibiu.ro\/index.php\/portfolio-item\/case-study-6-2\/\" title=\"Permalink to: &quot;Informare cu privire la problematica echival\u0103rii studiilor&quot;\"><article id=\"post-116\" class=\"post-116 x-portfolio type-x-portfolio status-publish has-post-thumbnail hentry portfolio-category-branding portfolio-category-digital portfolio-category-print\"><div class=\"entry-wrap\"><div class=\"x-recent-posts-img\" style=\"background-image: url(https:\/\/www.oamr-sibiu.ro\/wp-content\/uploads\/2018\/07\/students-couple-in-school-studying-for-exams-TY8SULA-862x482.jpg);\"><\/div><div class=\"x-recent-posts-content\"><h3 class=\"h-recent-posts\">Informare cu privire la problematica echival\u0103rii studiilor<\/h3><span class=\"x-recent-posts-date\">July 4, 2018<\/span><\/div><\/div><\/article><\/a><\/div><\/div><\/div><\/div><div id=\"x-section-7\" class=\"x-section\" style=\"margin: 0px;padding: 0 0px; background-color: transparent;\"  ><div class=\"x-container\" style=\"margin: 0px auto;padding: 0px;\"  ><div  class=\"x-column x-sm x-1-1\" style=\"padding: 0px;\" ><a  class=\"x-creative-cta slide-right\" href=\"https:\/\/www.oamr-sibiu.ro\/index.php\/get-in-touch-2\/\" style=\"padding: 65px 50px 65px 50px; color: #ffffff; background-color: #02aed6;\" data-x-element=\"creative_cta\" data-x-params=\"{&quot;animation&quot;:&quot; slide-right&quot;,&quot;bg_color&quot;:&quot;#02aed6&quot;,&quot;bg_color_hover&quot;:&quot;#02aed6&quot;}\" ><span class=\"text\" style=\"font-size: 45px;\">Contacta\u021bi-ne!<\/span><span class=\"graphic\"><i style=\"margin: 0; font-size: 75px;\" class=\"x-icon-arrow-right\" data-x-icon-s=\"&#xf061;\"><\/i><\/span><\/a><\/div><\/div><\/div><div id=\"x-section-8\" class=\"x-section dark-section bg-image parallax\" style=\"margin: 0px;padding: 50px 0px; background-image: url(http:\/\/www.oamr-sibiu.ro\/wp-content\/uploads\/2019\/01\/bg-office-01.jpg); background-color: #27292a;\"  data-x-element=\"section\" data-x-params=\"{&quot;type&quot;:&quot;image&quot;,&quot;parallax&quot;:true}\" ><div class=\"x-container max width\" style=\"margin: 0px auto;padding: 0px;\"  ><div  class=\"x-column x-sm x-3-5\" style=\"padding: 10px; background-color:#595959;\" ><div id=\"x-google-map-1\" class=\"x-map x-google-map man\" data-x-element=\"google_map\" data-x-params=\"{&quot;lat&quot;:&quot;45.78097397&quot;,&quot;lng&quot;:&quot;24.15909739&quot;,&quot;drag&quot;:true,&quot;zoom&quot;:&quot;12&quot;,&quot;zoomControl&quot;:true,&quot;hue&quot;:&quot;transparent&quot;}\"  ><div class=\"x-map-inner x-google-map-inner\" style=\"padding-bottom: 445px;\"><\/div><div class=\"x-google-map-marker\" style=\"position: absolute; visibility: hidden;\" data-x-element=\"google_map_marker\" data-x-params=\"{&quot;lat&quot;:&quot;45.791226&quot;,&quot;lng&quot;:&quot;24.158646&quot;,&quot;markerInfo&quot;:&quot;OAMGMAMR Filiala Sibiu&quot;,&quot;startOpen&quot;:true}\" ><\/div><\/div><\/div><div  class=\"x-column x-sm x-2-5\" style=\"padding: 0px;\" ><hr  class=\"x-gap\" style=\"margin: 50px 0 0 0;\"><h2  class=\"h-custom-headline man h3\" ><span>Adres\u0103:<\/span><\/h2><div  class=\"x-raw-content mts\" style=\"color: #fff;\"><p class=\"man\">Strada Luptei, Nr. 25, 550362 Sibiu Rom\u00e2nia<\/p><\/div><hr  class=\"x-gap\" style=\"margin: 50px 0 0 0;\"><h2  class=\"h-custom-headline man h3\" ><span>Telefon:<\/span><\/h2><div  class=\"x-raw-content mts\" style=\"color: #fff;\"><p class=\"man\">+40 269.212.108 <\/p><\/div><hr  class=\"x-gap\" style=\"margin: 50px 0 0 0;\"><h2  class=\"h-custom-headline man h3\" ><span>Email:<\/span><\/h2><div  class=\"x-raw-content mts\" style=\"color: #fff;\"><p class=\"man\">secretariat@oamr-sibiu.ro<\/p><\/div><\/div><\/div><\/div><div id=\"x-section-9\" class=\"x-section cs-ta-center dark-section bg-image parallax\" style=\"margin: 5px 0px;padding: 0px; background-image: url(https:\/\/www.oamr-sibiu.ro\/wp-content\/uploads\/2019\/01\/bg-office-01.jpg); background-color: #27292a;\"  data-x-element=\"section\" data-x-params=\"{&quot;type&quot;:&quot;image&quot;,&quot;parallax&quot;:true}\" ><div class=\"x-container max width\" style=\"margin: 0px auto;padding: 0px;\"  ><div  class=\"x-column x-sm x-1-1\" style=\"padding: 0px;\" >\n<div class=\"e55-80 x-text x-text-headline\" >\n  <div class=\"x-text-content\"><div class=\"x-text-content-text\"><h2 class=\"x-text-content-text-primary\"><a href=\"http:\/\/www.oammr-evidenta.ro\/emc\/\">Verificarea creditelor EMC<\/a><\/h2><\/div><\/div><\/div>\n<\/div><\/div><\/div><\/div>\n","protected":false},"excerpt":{"rendered":"","protected":false},"author":1,"featured_media":0,"parent":0,"menu_order":0,"comment_status":"closed","ping_status":"closed","template":"template-blank-4.php","meta":[],"_links":{"self":[{"href":"https:\/\/www.oamr-sibiu.ro\/index.php\/wp-json\/wp\/v2\/pages\/55"}],"collection":[{"href":"https:\/\/www.oamr-sibiu.ro\/index.php\/wp-json\/wp\/v2\/pages"}],"about":[{"href":"https:\/\/www.oamr-sibiu.ro\/index.php\/wp-json\/wp\/v2\/types\/page"}],"author":[{"embeddable":true,"href":"https:\/\/www.oamr-sibiu.ro\/index.php\/wp-json\/wp\/v2\/users\/1"}],"replies":[{"embeddable":true,"href":"https:\/\/www.oamr-sibiu.ro\/index.php\/wp-json\/wp\/v2\/comments?post=55"}],"version-history":[{"count":199,"href":"https:\/\/www.oamr-sibiu.ro\/index.php\/wp-json\/wp\/v2\/pages\/55\/revisions"}],"predecessor-version":[{"id":1045,"href":"https:\/\/www.oamr-sibiu.ro\/index.php\/wp-json\/wp\/v2\/pages\/55\/revisions\/1045"}],"wp:attachment":[{"href":"https:\/\/www.oamr-sibiu.ro\/index.php\/wp-json\/wp\/v2\/media?parent=55"}],"curies":[{"name":"wp","href":"https:\/\/api.w.org\/{rel}","templated":true}]}}